{"id":2914,"date":"2020-08-18T11:01:36","date_gmt":"2020-08-18T10:01:36","guid":{"rendered":"http:\/\/www.obeckatov.cz\/?page_id=2914"},"modified":"2020-08-18T11:09:23","modified_gmt":"2020-08-18T10:09:23","slug":"dokumenty-ke-stazeni","status":"publish","type":"page","link":"https:\/\/www.obeckatov.cz\/?page_id=2914","title":{"rendered":"Dokumenty ke sta\u017een\u00ed"},"content":{"rendered":"formul\u00e1\u0159e:\r\n\r\n<a href=\"http:\/\/www.obeckatov.cz\/wp-content\/uploads\/2020\/08\/Ohla\u0161ovac\u00ed-povinnost-m\u00edstn\u00ed-poplatek-z-pobytu.pdf\" target=\"_blank\">Ohla\u0161ovac\u00ed povinnost - m\u00edstn\u00ed poplatek z pobytu<\/a>\r\n<a href=\"http:\/\/www.obeckatov.cz\/wp-content\/uploads\/2020\/08\/\u010ctvrtletn\u00ed-vy\u00fa\u010dtov\u00e1n\u00ed-m\u00edstn\u00ed-poplatek-z-pobytu.pdf\" target=\"_blank\">\u010ctvrtletn\u00ed vy\u00fa\u010dtov\u00e1n\u00ed - m\u00edstn\u00ed poplatek z pobytu<\/a>","protected":false},"excerpt":{"rendered":"<p>formul\u00e1\u0159e: Ohla\u0161ovac\u00ed povinnost &#8211; m\u00edstn\u00ed poplatek z pobytu \u010ctvrtletn\u00ed vy\u00fa\u010dtov\u00e1n\u00ed &#8211; m\u00edstn\u00ed poplatek z pobytu<\/p>\n","protected":false},"author":3,"featured_media":0,"parent":0,"menu_order":0,"comment_status":"closed","ping_status":"closed","template":"","meta":{"footnotes":""},"class_list":["post-2914","page","type-page","status-publish","hentry"],"_links":{"self":[{"href":"https:\/\/www.obeckatov.cz\/index.php?rest_route=\/wp\/v2\/pages\/2914","targetHints":{"allow":["GET"]}}],"collection":[{"href":"https:\/\/www.obeckatov.cz\/index.php?rest_route=\/wp\/v2\/pages"}],"about":[{"href":"https:\/\/www.obeckatov.cz\/index.php?rest_route=\/wp\/v2\/types\/page"}],"author":[{"embeddable":true,"href":"https:\/\/www.obeckatov.cz\/index.php?rest_route=\/wp\/v2\/users\/3"}],"replies":[{"embeddable":true,"href":"https:\/\/www.obeckatov.cz\/index.php?rest_route=%2Fwp%2Fv2%2Fcomments&post=2914"}],"version-history":[{"count":3,"href":"https:\/\/www.obeckatov.cz\/index.php?rest_route=\/wp\/v2\/pages\/2914\/revisions"}],"predecessor-version":[{"id":2920,"href":"https:\/\/www.obeckatov.cz\/index.php?rest_route=\/wp\/v2\/pages\/2914\/revisions\/2920"}],"wp:attachment":[{"href":"https:\/\/www.obeckatov.cz\/index.php?rest_route=%2Fwp%2Fv2%2Fmedia&parent=2914"}],"curies":[{"name":"wp","href":"https:\/\/api.w.org\/{rel}","templated":true}]}}