{"id":3701,"date":"2022-01-05T14:53:01","date_gmt":"2022-01-05T13:53:01","guid":{"rendered":"http:\/\/www.obeckatov.cz\/?page_id=3701"},"modified":"2022-04-26T12:15:15","modified_gmt":"2022-04-26T11:15:15","slug":"financni-pomoc-vrty-dcov","status":"publish","type":"page","link":"https:\/\/www.obeckatov.cz\/?page_id=3701","title":{"rendered":"Finan\u010dn\u00ed pomoc &#8211; vrty, D\u010cOV"},"content":{"rendered":"<p style=\"text-align: justify;\"><a href=\"http:\/\/www.obeckatov.cz\/wp-content\/uploads\/2022\/01\/01-podm\u00ednky-vrty.pdf\" target=\"_blank\">Podm\u00ednky finan\u010dn\u00ed pomoci ob\u010dan\u016fm obce p\u0159i zaji\u0161t\u011bn\u00ed z\u00e1soben\u00ed pitnou vodou<\/a>, schv\u00e1len\u00e9 ZO dne 22.9.2020 usnesen\u00edm \u010d.10\/V.\/2020\r\n- p\u0159\u00edloha \u010d.1: <a href=\"http:\/\/www.obeckatov.cz\/wp-content\/uploads\/2022\/01\/01-\u017e\u00e1dost-o-fin.v\u00fdpomoc-vrty.pdf\" target=\"_blank\">formul\u00e1\u0159 \u017e\u00e1dosti<\/a>\r\n- p\u0159\u00edloha \u010d.2:\u00a0 <a href=\"http:\/\/www.obeckatov.cz\/wp-content\/uploads\/2022\/01\/03-smlouva-vrty.pdf\" target=\"_blank\">vzor smlouvy<\/a><\/p>\r\n<p style=\"text-align: justify;\"><a href=\"http:\/\/www.obeckatov.cz\/wp-content\/uploads\/2022\/01\/02-podm\u00ednky-vrty-dod.\u010d.1.pdf\" target=\"_blank\">Dodatek \u010d.1 ze dne 15.12.2021\u00a0(schv\u00e1leno ZO usnesen\u00edm \u010d.16\/I.\/2021) k podm\u00ednk\u00e1m finan\u010dn\u00ed pomoci ob\u010dan\u016fm obce p\u0159i zaji\u0161t\u011bn\u00ed z\u00e1soben\u00ed pitnou vodou<\/a>, schv\u00e1len\u00e9 ZO dne 22.9.2020 usnesen\u00edm \u010d.10\/V.\/2020<\/p>\r\n<a href=\"http:\/\/www.obeckatov.cz\/wp-content\/uploads\/2022\/01\/04-pravidla-\u010cOV.pdf\" target=\"_blank\">Pravidla pro poskytov\u00e1n\u00ed finan\u010dn\u00edho p\u0159\u00edsp\u011bvku na vybudov\u00e1n\u00ed domovn\u00ed \u010dist\u00edrny odpadn\u00edch vod nebo obdobn\u00e9ho za\u0159\u00edzen\u00ed k individu\u00e1ln\u00ed ekologick\u00e9 likvidaci odpadn\u00edch vod v obci Katov<\/a>, schv\u00e1len\u00e9 ZO dne 16.12.2020 usnesen\u00edm \u010d.11\/I.\/2020\r\n- p\u0159\u00edloha \u010d.1:\u00a0 <a href=\"http:\/\/www.obeckatov.cz\/wp-content\/uploads\/2022\/01\/05-\u017e\u00e1dost-\u010cOV.pdf\" target=\"_blank\">formul\u00e1\u0159 \u017e\u00e1dosti<\/a>\r\n- p\u0159\u00edloha \u010d.2:\u00a0 <a href=\"http:\/\/www.obeckatov.cz\/wp-content\/uploads\/2022\/04\/06-smlouva-\u010cOV-nov\u00e1.pdf\" target=\"_blank\">vzor smlouvy<\/a>\r\n<p style=\"text-align: justify;\"><a href=\"http:\/\/www.obeckatov.cz\/wp-content\/uploads\/2022\/01\/07-pravidla-\u010cOV-dod.\u010d.1.pdf\" target=\"_blank\">Dodatek \u010d.1 ze dne 15.12.2021 (schv\u00e1leno ZO usnesen\u00edm \u010d.16\/I.\/2021) k pravidl\u016fm pro poskytov\u00e1n\u00ed finan\u010dn\u00edho p\u0159\u00edsp\u011bvku na vybudov\u00e1n\u00ed domovn\u00ed \u010dist\u00edrny odpadn\u00edch vod nebo obdobn\u00e9ho za\u0159\u00edzen\u00ed k individu\u00e1ln\u00ed ekologick\u00e9 likvidaci odpadn\u00edch vod v obci Katov<\/a>, schv\u00e1len\u00e9 ZO dne 16.12.2020 usnesen\u00edm \u010d.11\/I\/2020<\/p>","protected":false},"excerpt":{"rendered":"<p>Podm\u00ednky finan\u010dn\u00ed pomoci ob\u010dan\u016fm obce p\u0159i zaji\u0161t\u011bn\u00ed z\u00e1soben\u00ed pitnou vodou, schv\u00e1len\u00e9 ZO dne 22.9.2020 usnesen\u00edm \u010d.10\/V.\/2020 &#8211; p\u0159\u00edloha \u010d.1: formul\u00e1\u0159 \u017e\u00e1dosti &#8211; p\u0159\u00edloha \u010d.2:\u00a0 vzor smlouvy Dodatek \u010d.1 ze dne 15.12.2021\u00a0(schv\u00e1leno ZO usnesen\u00edm \u010d.16\/I.\/2021) k podm\u00ednk\u00e1m finan\u010dn\u00ed pomoci ob\u010dan\u016fm obce p\u0159i zaji\u0161t\u011bn\u00ed z\u00e1soben\u00ed pitnou vodou, schv\u00e1len\u00e9 ZO dne 22.9.2020 usnesen\u00edm \u010d.10\/V.\/2020 Pravidla pro poskytov\u00e1n\u00ed finan\u010dn\u00edho&#8230;<\/p>\n","protected":false},"author":3,"featured_media":0,"parent":0,"menu_order":0,"comment_status":"closed","ping_status":"closed","template":"","meta":{"footnotes":""},"class_list":["post-3701","page","type-page","status-publish","hentry"],"_links":{"self":[{"href":"https:\/\/www.obeckatov.cz\/index.php?rest_route=\/wp\/v2\/pages\/3701","targetHints":{"allow":["GET"]}}],"collection":[{"href":"https:\/\/www.obeckatov.cz\/index.php?rest_route=\/wp\/v2\/pages"}],"about":[{"href":"https:\/\/www.obeckatov.cz\/index.php?rest_route=\/wp\/v2\/types\/page"}],"author":[{"embeddable":true,"href":"https:\/\/www.obeckatov.cz\/index.php?rest_route=\/wp\/v2\/users\/3"}],"replies":[{"embeddable":true,"href":"https:\/\/www.obeckatov.cz\/index.php?rest_route=%2Fwp%2Fv2%2Fcomments&post=3701"}],"version-history":[{"count":10,"href":"https:\/\/www.obeckatov.cz\/index.php?rest_route=\/wp\/v2\/pages\/3701\/revisions"}],"predecessor-version":[{"id":3882,"href":"https:\/\/www.obeckatov.cz\/index.php?rest_route=\/wp\/v2\/pages\/3701\/revisions\/3882"}],"wp:attachment":[{"href":"https:\/\/www.obeckatov.cz\/index.php?rest_route=%2Fwp%2Fv2%2Fmedia&parent=3701"}],"curies":[{"name":"wp","href":"https:\/\/api.w.org\/{rel}","templated":true}]}}