{"id":4220,"date":"2022-12-19T17:52:43","date_gmt":"2022-12-19T16:52:43","guid":{"rendered":"http:\/\/www.obeckatov.cz\/?page_id=4220"},"modified":"2026-03-27T16:46:14","modified_gmt":"2026-03-27T15:46:14","slug":"2022-2026","status":"publish","type":"page","link":"https:\/\/www.obeckatov.cz\/?page_id=4220","title":{"rendered":"2022-2026"},"content":{"rendered":"<pre>1. <a href=\"http:\/\/www.obeckatov.cz\/wp-content\/uploads\/2022\/11\/z\u00e1pis-z-ustavuj\u00edc\u00ed-sch\u016fze-OZ-v\u010d.-usnesen\u00ed-21.10.2022.pdf\" target=\"_blank\" rel=\"noopener\">z\u00e1pis z ustavuj\u00edc\u00ed sch\u016fze ZO Katov dne 21.10.2022<\/a>\n2. <a href=\"http:\/\/www.obeckatov.cz\/wp-content\/uploads\/2022\/12\/z\u00e1pis-\u010d.2-ze-sch\u016fze-OZ-14112022.pdf\" target=\"_blank\" rel=\"noopener\">z\u00e1pis \u010d.2 ze sch\u016fze ZO Katov dne 14.11.2022<\/a>\n3. <a href=\"http:\/\/www.obeckatov.cz\/wp-content\/uploads\/2023\/01\/z\u00e1pis-\u010d.3-ze-sch\u016fze-OZ-16122022.pdf\" target=\"_blank\" rel=\"noopener\">z\u00e1pis \u010d.3 ze sch\u016fze ZO Katov dne 16.12.2022<\/a>\n4. <a href=\"http:\/\/www.obeckatov.cz\/wp-content\/uploads\/2023\/01\/z\u00e1pis-\u010d.4-ze-sch\u016fze-OZ-1801023.pdf\" target=\"_blank\" rel=\"noopener\">z\u00e1pis \u010d.4 ze sch\u016fze ZO Katov dne 18.1.2023\n<\/a>5. <a href=\"http:\/\/www.obeckatov.cz\/wp-content\/uploads\/2023\/08\/z\u00e1pis-\u010d.5-ze-sch\u016fze-OZ-24022023.pdf\" target=\"_blank\" rel=\"noopener\">z\u00e1pis \u010d.5 ze sch\u016fze ZO Katov dne 24.2.2023<\/a>\n6. <a href=\"http:\/\/www.obeckatov.cz\/wp-content\/uploads\/2023\/08\/z\u00e1pis-\u010d.6-ze-sch\u016fze-OZ-17052023.pdf\" target=\"_blank\" rel=\"noopener\">z\u00e1pis \u010d.6 ze sch\u016fze ZO Katov dne 17.5.2023\n<\/a>7. <a href=\"http:\/\/www.obeckatov.cz\/wp-content\/uploads\/2023\/11\/z\u00e1pis-\u010d.7-ze-sch\u016fze-OZ-16082023.pdf\" target=\"_blank\" rel=\"noopener\">z\u00e1pis \u010d.7 ze sch\u016fze ZO Katov dne 16.8.2023\n<\/a>8. <a href=\"http:\/\/www.obeckatov.cz\/wp-content\/uploads\/2023\/11\/z\u00e1pis-\u010d.8-ze-sch\u016fze-OZ-15112023.pdf\" target=\"_blank\" rel=\"noopener\">z\u00e1pis \u010d.8 ze sch\u016fze ZO Katov dne 15.11.2023\n<\/a>9. <a href=\"http:\/\/www.obeckatov.cz\/wp-content\/uploads\/2023\/12\/z\u00e1pis-\u010d.9-ze-sch\u016fze-OZ-13122023.pdf\" target=\"_blank\" rel=\"noopener\">z\u00e1pis \u010d.9 ze sch\u016fze ZO Katov dne 13.12.2023\n<\/a>10. <a href=\"http:\/\/www.obeckatov.cz\/wp-content\/uploads\/2024\/03\/z\u00e1pis-\u010d.10-ze-sch\u016fze-OZ-21022024.pdf\" target=\"_blank\" rel=\"noopener\">z\u00e1pis \u010d.10 ze sch\u016fze ZO Katov dne 21.2.2024\n<\/a>11. <a href=\"http:\/\/www.obeckatov.cz\/wp-content\/uploads\/2024\/05\/z\u00e1pis-\u010d.11-ze-sch\u016fze-ZO-24.4.2024.pdf\" target=\"_blank\" rel=\"noopener\">z\u00e1pis \u010d.11 ze sch\u016fze ZO Katov dne 24.4.2024\n<\/a>12. <a href=\"http:\/\/www.obeckatov.cz\/wp-content\/uploads\/2024\/08\/z\u00e1pis-\u010d.12-ze-sch\u016fze-ZO-17.7.2024.pdf\" target=\"_blank\" rel=\"noopener\">z\u00e1pis \u010d.12 ze sch\u016fze ZO Katov dne 17.7.2024\n<\/a>13. <a href=\"http:\/\/www.obeckatov.cz\/wp-content\/uploads\/2024\/10\/z\u00e1pis-\u010d.13-ze-sch\u016fze-ZO-28082024.pdf\" target=\"_blank\" rel=\"noopener\">z\u00e1pis \u010d.13 ze sch\u016fze ZO Katov dne 28.8.2024\n<\/a>14. <a href=\"http:\/\/www.obeckatov.cz\/wp-content\/uploads\/2024\/12\/z\u00e1pis-\u010d.14-ze-sch\u016fze-OZ-15112024.pdf\" target=\"_blank\" rel=\"noopener\">z\u00e1pis \u010d.14 ze sch\u016fze ZO Katov dne 15.11.2024\n<\/a>15. <a href=\"http:\/\/www.obeckatov.cz\/wp-content\/uploads\/2025\/02\/z\u00e1pis-\u010d.-15-ze-sch\u016fze-ZO-18.12.2024-opr.pdf\" target=\"_blank\" rel=\"noopener\">z\u00e1pis \u010d.15 ze sch\u016fze ZO Katov dne 18.12.2024\n<\/a>16. <a href=\"http:\/\/www.obeckatov.cz\/wp-content\/uploads\/2025\/04\/z\u00e1pis-\u010d.-16-ze-sch\u016fze-OZ-17032025.pdf\" target=\"_blank\" rel=\"noopener\">z\u00e1pis \u010d.16 ze sch\u016fze ZO Katov dne 17.3.2025\n<\/a>17. <a href=\"http:\/\/www.obeckatov.cz\/wp-content\/uploads\/2025\/09\/z\u00e1pis-\u010d.-17-ze-sch\u016fze-OZ-11062025.pdf\" target=\"_blank\" rel=\"noopener\">z\u00e1pis \u010d.17 ze sch\u016fze ZO Katov dne 11.6.2025<\/a><br \/>18. <a href=\"http:\/\/www.obeckatov.cz\/wp-content\/uploads\/2025\/09\/z\u00e1pis-\u010d.-18-ze-sch\u016fze-OZ-10092025.pdf\">z\u00e1pis \u010d.18 ze sch\u016fze ZO Katov dne 10.9.2025<\/a><br \/>19. <a href=\"http:\/\/www.obeckatov.cz\/wp-content\/uploads\/2025\/12\/zapis-c.-19-ze-schuze-ZO-dne-19112025.pdf\">z\u00e1pis \u010d.19 ze sch\u016fze ZO Katov dne 19.11.2025<\/a><br \/>20. <a href=\"http:\/\/www.obeckatov.cz\/wp-content\/uploads\/2026\/02\/zapis-c.-20-ze-schuze-OZ-16122025.pdf\">z\u00e1pis \u010d.20 ze sch\u016fze ZO Katov dne 16.12.2025<\/a><br \/>21. <a href=\"http:\/\/www.obeckatov.cz\/wp-content\/uploads\/2026\/03\/zapis-c.21-ze-schuze-OZ-13032026.pdf\">z\u00e1pis \u010d.21 ze sch\u016fze ZO Katov dne 13.3.2026<\/a><\/pre>\n\n\n<p><\/p>\n","protected":false},"excerpt":{"rendered":"<p>1. z\u00e1pis z ustavuj\u00edc\u00ed sch\u016fze ZO Katov dne 21.10.2022 2. z\u00e1pis \u010d.2 ze sch\u016fze ZO Katov dne 14.11.2022 3. z\u00e1pis \u010d.3 ze sch\u016fze ZO Katov dne 16.12.2022 4. z\u00e1pis \u010d.4 ze sch\u016fze ZO Katov dne 18.1.2023 5. z\u00e1pis \u010d.5 ze sch\u016fze ZO Katov dne 24.2.2023 6. z\u00e1pis \u010d.6 ze sch\u016fze ZO Katov dne 17.5.2023 7&#8230;.<\/p>\n","protected":false},"author":3,"featured_media":0,"parent":0,"menu_order":0,"comment_status":"closed","ping_status":"closed","template":"","meta":{"footnotes":""},"class_list":["post-4220","page","type-page","status-publish","hentry"],"_links":{"self":[{"href":"https:\/\/www.obeckatov.cz\/index.php?rest_route=\/wp\/v2\/pages\/4220","targetHints":{"allow":["GET"]}}],"collection":[{"href":"https:\/\/www.obeckatov.cz\/index.php?rest_route=\/wp\/v2\/pages"}],"about":[{"href":"https:\/\/www.obeckatov.cz\/index.php?rest_route=\/wp\/v2\/types\/page"}],"author":[{"embeddable":true,"href":"https:\/\/www.obeckatov.cz\/index.php?rest_route=\/wp\/v2\/users\/3"}],"replies":[{"embeddable":true,"href":"https:\/\/www.obeckatov.cz\/index.php?rest_route=%2Fwp%2Fv2%2Fcomments&post=4220"}],"version-history":[{"count":27,"href":"https:\/\/www.obeckatov.cz\/index.php?rest_route=\/wp\/v2\/pages\/4220\/revisions"}],"predecessor-version":[{"id":5270,"href":"https:\/\/www.obeckatov.cz\/index.php?rest_route=\/wp\/v2\/pages\/4220\/revisions\/5270"}],"wp:attachment":[{"href":"https:\/\/www.obeckatov.cz\/index.php?rest_route=%2Fwp%2Fv2%2Fmedia&parent=4220"}],"curies":[{"name":"wp","href":"https:\/\/api.w.org\/{rel}","templated":true}]}}