{"id":7,"date":"2015-02-10T15:11:25","date_gmt":"2015-02-10T15:11:25","guid":{"rendered":"http:\/\/obeckatov.cz\/domains\/katov.in-progress.cz\/?page_id=7"},"modified":"2026-04-17T19:23:00","modified_gmt":"2026-04-17T18:23:00","slug":"uvod","status":"publish","type":"page","link":"https:\/\/www.obeckatov.cz\/","title":{"rendered":"\u00davod"},"content":{"rendered":"<p style=\"text-align: justify;\"><span style=\"font-family: arial, helvetica, sans-serif;\">Obec Katov se nach\u00e1z\u00ed 9 km v\u00fdchodn\u011b od Sob\u011bslavi a pat\u0159\u00ed k jiho\u010desk\u00e9mu okresu T\u00e1bor. Le\u017e\u00ed v malebn\u00e9 krajin\u011b na p\u0159echodu \u010ceskobud\u011bjovick\u00e9 p\u00e1nve a \u010ceskomoravsk\u00e9 vrchoviny v nadmo\u0159sk\u00e9 v\u00fd\u0161ce 475 m n. m.\u00a0 V roce 1993 do\u0161lo k odd\u011blen\u00ed od obce Budislav na z\u00e1klad\u011b referenda. <\/span><\/p>\n<p style=\"text-align: justify;\"><span style=\"font-family: arial, helvetica, sans-serif;\">Od roku 2000 je obec sou\u010d\u00e1st\u00ed Dobrovoln\u00e9ho svazku obc\u00ed <a href=\"http:\/\/tucapy.cz\/dso-pod-horou\/ds-8610\" target=\"_blank\" rel=\"noopener\">Pod Horou<\/a>\u00a0a od roku 2022 \u010dlenem <a href=\"https:\/\/www.masck.cz\/\" target=\"_blank\" rel=\"noopener\">MAS \u010cesk\u00e1 Kanada<\/a>.<\/span><\/p>\n<p style=\"text-align: justify;\"><span style=\"font-family: arial, helvetica, sans-serif;\">Dle ve\u0159ejn\u00e9 datab\u00e1ze \u010cesk\u00e9ho statistick\u00e9ho \u00fa\u0159adu \u010din\u00ed ke dni 31. 12. 2016 katastr\u00e1ln\u00ed v\u00fdm\u011bra obce je 3,71 km<sup>2<\/sup>. K datu 1.7.2025 zde \u017eije 70 trvale hl\u00e1\u0161en\u00fdch obyvatel. <\/span><\/p>\n<p style=\"text-align: justify;\"><span style=\"font-family: arial, helvetica, sans-serif;\">Starostkou\u00a0na\u00a0volebn\u00ed obdob\u00ed 2022-2026 byla op\u011btovn\u011b zvolena pan\u00ed Marcela Proch\u00e1zkov\u00e1 Dvo\u0159\u00e1kov\u00e1.<\/span><\/p>\n<p>\u00a0<\/p>\n<p>\u00a0<\/p>\n<p><span style=\"font-size: 8pt;\">posledn\u00ed aktualizace webu - 15. 4. 2026<\/span><\/p>\n\n\n<p><\/p>\n","protected":false},"excerpt":{"rendered":"<p>Obec Katov se nach\u00e1z\u00ed 9 km v\u00fdchodn\u011b od Sob\u011bslavi a pat\u0159\u00ed k jiho\u010desk\u00e9mu okresu T\u00e1bor. Le\u017e\u00ed v malebn\u00e9 krajin\u011b na p\u0159echodu \u010ceskobud\u011bjovick\u00e9 p\u00e1nve a \u010ceskomoravsk\u00e9 vrchoviny v nadmo\u0159sk\u00e9 v\u00fd\u0161ce 475 m n. m.\u00a0 V roce 1993 do\u0161lo k odd\u011blen\u00ed od obce Budislav na z\u00e1klad\u011b referenda. Od roku 2000 je obec sou\u010d\u00e1st\u00ed Dobrovoln\u00e9ho svazku obc\u00ed Pod&#8230;<\/p>\n","protected":false},"author":1,"featured_media":0,"parent":0,"menu_order":1,"comment_status":"closed","ping_status":"closed","template":"","meta":{"footnotes":""},"class_list":["post-7","page","type-page","status-publish","hentry"],"_links":{"self":[{"href":"https:\/\/www.obeckatov.cz\/index.php?rest_route=\/wp\/v2\/pages\/7","targetHints":{"allow":["GET"]}}],"collection":[{"href":"https:\/\/www.obeckatov.cz\/index.php?rest_route=\/wp\/v2\/pages"}],"about":[{"href":"https:\/\/www.obeckatov.cz\/index.php?rest_route=\/wp\/v2\/types\/page"}],"author":[{"embeddable":true,"href":"https:\/\/www.obeckatov.cz\/index.php?rest_route=\/wp\/v2\/users\/1"}],"replies":[{"embeddable":true,"href":"https:\/\/www.obeckatov.cz\/index.php?rest_route=%2Fwp%2Fv2%2Fcomments&post=7"}],"version-history":[{"count":416,"href":"https:\/\/www.obeckatov.cz\/index.php?rest_route=\/wp\/v2\/pages\/7\/revisions"}],"predecessor-version":[{"id":5291,"href":"https:\/\/www.obeckatov.cz\/index.php?rest_route=\/wp\/v2\/pages\/7\/revisions\/5291"}],"wp:attachment":[{"href":"https:\/\/www.obeckatov.cz\/index.php?rest_route=%2Fwp%2Fv2%2Fmedia&parent=7"}],"curies":[{"name":"wp","href":"https:\/\/api.w.org\/{rel}","templated":true}]}}